{"id":959,"date":"2025-09-05T21:53:59","date_gmt":"2025-09-05T21:53:59","guid":{"rendered":"https:\/\/theleanlabel.com\/?page_id=959"},"modified":"2025-09-05T22:27:33","modified_gmt":"2025-09-05T22:27:33","slug":"impressum","status":"publish","type":"page","link":"https:\/\/gaissmayer-kollegen.de\/en\/impressum\/","title":{"rendered":"Legal notice"},"content":{"rendered":"<div data-elementor-type=\"wp-page\" data-elementor-id=\"959\" class=\"elementor elementor-959\" data-elementor-post-type=\"page\">\n\t\t\t\t\t\t<section class=\"elementor-section elementor-top-section elementor-element elementor-element-4948206 elementor-section-boxed elementor-section-height-default elementor-section-height-default\" data-id=\"4948206\" data-element_type=\"section\" id=\"start\" data-settings=\"{&quot;background_background&quot;:&quot;gradient&quot;}\">\n\t\t\t\t\t\t\t<div class=\"elementor-background-overlay\"><\/div>\n\t\t\t\t\t\t\t<div class=\"elementor-container elementor-column-gap-default\">\n\t\t\t\t\t<div class=\"elementor-column elementor-col-100 elementor-top-column elementor-element elementor-element-6e3f5eb\" data-id=\"6e3f5eb\" data-element_type=\"column\" data-settings=\"{&quot;background_background&quot;:&quot;classic&quot;}\">\n\t\t\t<div class=\"elementor-widget-wrap elementor-element-populated\">\n\t\t\t\t\t\t<div class=\"elementor-element elementor-element-666481e elementor-widget__width-initial elementor-invisible elementor-widget elementor-widget-heading\" data-id=\"666481e\" data-element_type=\"widget\" data-settings=\"{&quot;_animation&quot;:&quot;fadeIn&quot;,&quot;_animation_delay&quot;:&quot;200&quot;}\" data-widget_type=\"heading.default\">\n\t\t\t\t\t<h1 class=\"elementor-heading-title elementor-size-default\">Legal notice<\/h1>\t\t\t\t<\/div>\n\t\t\t\t<div class=\"elementor-element elementor-element-f1af047 elementor-widget__width-initial elementor-invisible elementor-widget elementor-widget-text-editor\" data-id=\"f1af047\" data-element_type=\"widget\" data-settings=\"{&quot;_animation&quot;:&quot;fadeIn&quot;,&quot;_animation_delay&quot;:&quot;400&quot;}\" data-widget_type=\"text-editor.default\">\n\t\t\t\t\t\t\t\t\t<p><strong>Angaben gem\u00e4\u00df \u00a7 5 TMG:<\/strong><\/p><p>J\u00f6rg Gai\u00dfmayer<br \/>Rechtsanwalt<br \/>Lise-Meitner-Str. 4<br \/>86156 Augsburg<\/p><p><b>Kontakt:<\/b><\/p><p>Telefon: 0821\/440183-0<br \/>Telefax: 0821\/440183-10<br \/>E-Mail: <span style=\"text-decoration: underline;\"><a href=\"mailto:info@gaissmayer-kollegen.de\">info@gaissmayer-kollegen.de<\/a><\/span><\/p><p><b>Umsatzsteuer-ID:<\/b><\/p><p>Umsatzsteuer-Identifikationsnummer gem\u00e4\u00df \u00a727 a Umsatzsteuergesetz:<br \/>DE161205904<\/p><p>Berufsbezeichnung: Rechtsanw\u00e4lte<br \/>Zust\u00e4ndige Kammer: M\u00fcnchen<br \/>Verliehen durch: Deutschland<br \/>Es gelten folgende berufsrechtliche Regelungen: Berufsordnung (BORA), Fachanwaltsordnung (FAO), Bundesrechtsanwaltsordnung (BRAO), Rechtsanwaltsverg\u00fctungsgesetz (RVG)<br \/>Regelungen einsehbar unter: <span style=\"text-decoration: underline;\"><a href=\"http:\/\/www.brak.de\/fuer-anwaelte\/berufsrecht\/\">http:\/\/www.brak.de\/fuer-anwaelte\/berufsrecht\/<\/a><\/span><\/p><p><b>Angaben zur Berufshaftpflichtversicherung:<\/b><\/p><p>Name und Sitz der Gesellschaft:<\/p><p>Allianz Versicherung AG, M\u00fcnchen<\/p><p>Geltungsraum der Versicherung: Europa<\/p><p>Verantwortlich f\u00fcr den Inhalt nach \u00a7 55 Abs. 2 RStV:<\/p><p>Rechtsanwalt Ingo Waibel, Lise-Meitner-Str. 4, 86156 Augsburg<\/p><p><span style=\"background-color: transparent;\"><b>Haftungsausschluss (Disclaimer)<\/b><\/span><\/p><p><b>Haftung f\u00fcr Inhalte<\/b><\/p><p>Als Diensteanbieter sind wir gem\u00e4\u00df \u00a7 7 Abs.1 TMG f\u00fcr eigene Inhalte auf diesen Seiten nach den allgemeinen Gesetzen verantwortlich. Nach \u00a7\u00a7 8 bis 10 TMG sind wir als Diensteanbieter jedoch nicht verpflichtet, \u00fcbermittelte oder gespeicherte fremde Informationen zu \u00fcberwachen oder nach Umst\u00e4nden zu forschen, die auf eine rechtswidrige T\u00e4tigkeit hinweisen. Verpflichtungen zur Entfernung oder Sperrung der Nutzung von Informationen nach den allgemeinen Gesetzen bleiben hiervon unber\u00fchrt. Eine diesbez\u00fcgliche Haftung ist jedoch erst ab dem Zeitpunkt der Kenntnis einer konkreten Rechtsverletzung m\u00f6glich. Bei Bekanntwerden von entsprechenden Rechtsverletzungen werden wir diese Inhalte umgehend entfernen.<\/p><p><b>Haftung f\u00fcr Links<\/b><\/p><p>Unser Angebot enth\u00e4lt Links zu externen Webseiten Dritter, auf deren Inhalte wir keinen Einfluss haben. Deshalb k\u00f6nnen wir f\u00fcr diese fremden Inhalte auch keine Gew\u00e4hr \u00fcbernehmen. F\u00fcr die Inhalte der verlinkten Seiten ist stets der jeweilige Anbieter oder Betreiber der Seiten verantwortlich. Die verlinkten Seiten wurden zum Zeitpunkt der Verlinkung auf m\u00f6gliche Rechtsverst\u00f6\u00dfe \u00fcberpr\u00fcft. Rechtswidrige Inhalte waren zum Zeitpunkt der Verlinkung nicht erkennbar. Eine permanente inhaltliche Kontrolle der verlinkten Seiten ist jedoch ohne konkrete Anhaltspunkte einer Rechtsverletzung nicht zumutbar. Bei Bekanntwerden von Rechtsverletzungen werden wir derartige Links umgehend entfernen.<\/p><p><b>Urheberrecht<\/b><\/p><p>Die durch die Seitenbetreiber erstellten Inhalte und Werke auf diesen Seiten unterliegen dem deutschen Urheberrecht. Die Vervielf\u00e4ltigung, Bearbeitung, Verbreitung und jede Art der Verwertung au\u00dferhalb der Grenzen des Urheberrechtes bed\u00fcrfen der schriftlichen Zustimmung des jeweiligen Autors bzw. Erstellers. Downloads und Kopien dieser Seite sind nur f\u00fcr den privaten, nicht kommerziellen Gebrauch gestattet. Soweit die Inhalte auf dieser Seite nicht vom Betreiber erstellt wurden, werden die Urheberrechte Dritter beachtet. Insbesondere werden Inhalte Dritter als solche gekennzeichnet. Sollten Sie trotzdem auf eine Urheberrechtsverletzung aufmerksam werden, bitten wir um einen entsprechenden Hinweis. Bei Bekanntwerden von Rechtsverletzungen werden wir derartige Inhalte umgehend entfernen.<\/p><p>Quelle: <span style=\"text-decoration: underline;\"><a href=\"http:\/\/www.e-recht24.de\">http:\/\/www.e-recht24.de<\/a><\/span><\/p>\t\t\t\t\t\t\t\t<\/div>\n\t\t\t\t<section class=\"elementor-section elementor-inner-section elementor-element elementor-element-dd4f3db elementor-section-boxed elementor-section-height-default elementor-section-height-default\" data-id=\"dd4f3db\" data-element_type=\"section\">\n\t\t\t\t\t\t<div class=\"elementor-container elementor-column-gap-no\">\n\t\t\t\t\t<div class=\"elementor-column elementor-col-100 elementor-inner-column elementor-element elementor-element-663ee62\" data-id=\"663ee62\" data-element_type=\"column\">\n\t\t\t<div class=\"elementor-widget-wrap\">\n\t\t\t\t\t\t\t<\/div>\n\t\t<\/div>\n\t\t\t\t\t<\/div>\n\t\t<\/section>\n\t\t\t\t\t<\/div>\n\t\t<\/div>\n\t\t\t\t\t<\/div>\n\t\t<\/section>\n\t\t\t\t<\/div>","protected":false},"excerpt":{"rendered":"<p>Impressum Angaben gem\u00e4\u00df \u00a7 5 TMG: J\u00f6rg Gai\u00dfmayerRechtsanwaltLise-Meitner-Str. 486156 Augsburg Kontakt: Telefon: 0821\/440183-0Telefax: 0821\/440183-10E-Mail: info@gaissmayer-kollegen.de Umsatzsteuer-ID: Umsatzsteuer-Identifikationsnummer gem\u00e4\u00df \u00a727 a Umsatzsteuergesetz:DE161205904 Berufsbezeichnung: Rechtsanw\u00e4lteZust\u00e4ndige Kammer: M\u00fcnchenVerliehen durch: DeutschlandEs gelten folgende berufsrechtliche Regelungen: Berufsordnung (BORA), Fachanwaltsordnung (FAO), Bundesrechtsanwaltsordnung (BRAO), Rechtsanwaltsverg\u00fctungsgesetz (RVG)Regelungen einsehbar unter: http:\/\/www.brak.de\/fuer-anwaelte\/berufsrecht\/ Angaben zur Berufshaftpflichtversicherung: Name und Sitz der Gesellschaft: Allianz Versicherung AG, M\u00fcnchen Geltungsraum [&hellip;]<\/p>","protected":false},"author":1,"featured_media":0,"parent":0,"menu_order":0,"comment_status":"closed","ping_status":"closed","template":"elementor_header_footer","meta":{"footnotes":""},"class_list":["post-959","page","type-page","status-publish","hentry"],"_links":{"self":[{"href":"https:\/\/gaissmayer-kollegen.de\/en\/wp-json\/wp\/v2\/pages\/959","targetHints":{"allow":["GET"]}}],"collection":[{"href":"https:\/\/gaissmayer-kollegen.de\/en\/wp-json\/wp\/v2\/pages"}],"about":[{"href":"https:\/\/gaissmayer-kollegen.de\/en\/wp-json\/wp\/v2\/types\/page"}],"author":[{"embeddable":true,"href":"https:\/\/gaissmayer-kollegen.de\/en\/wp-json\/wp\/v2\/users\/1"}],"replies":[{"embeddable":true,"href":"https:\/\/gaissmayer-kollegen.de\/en\/wp-json\/wp\/v2\/comments?post=959"}],"version-history":[{"count":14,"href":"https:\/\/gaissmayer-kollegen.de\/en\/wp-json\/wp\/v2\/pages\/959\/revisions"}],"predecessor-version":[{"id":1177,"href":"https:\/\/gaissmayer-kollegen.de\/en\/wp-json\/wp\/v2\/pages\/959\/revisions\/1177"}],"wp:attachment":[{"href":"https:\/\/gaissmayer-kollegen.de\/en\/wp-json\/wp\/v2\/media?parent=959"}],"curies":[{"name":"wp","href":"https:\/\/api.w.org\/{rel}","templated":true}]}}